{"id":604,"date":"2020-06-28T16:22:55","date_gmt":"2020-06-28T14:22:55","guid":{"rendered":"https:\/\/www.intellectualsovereignty.ch\/?page_id=604"},"modified":"2026-01-24T22:19:14","modified_gmt":"2026-01-24T21:19:14","slug":"gear","status":"publish","type":"page","link":"https:\/\/www.intellectualsovereignty.ch\/index.php\/gear\/","title":{"rendered":"Gear!"},"content":{"rendered":"\n<p>Gerne experimentiere ich mit vielerlei Ausr\u00fcstung rum, um mein ideales Packmass f\u00fcr l\u00e4ngere Wanderungen (im Fr\u00fchling, Sommer und\/oder Herbst) herauszufinden.<\/p>\n\n\n\n<p>Unter nachfolgenden Links findet ihr diverse \u00e4lteren sowie auch aktuelle Materiallisten:<\/p>\n\n\n\n<ul class=\"wp-block-list\">\n<li><a href=\"https:\/\/lighterpack.com\/r\/pf3x1s\" target=\"_blank\" rel=\"noreferrer noopener\">PCT &#8211; Vorbereitung (2019)<\/a><\/li>\n\n\n\n<li><a href=\"https:\/\/lighterpack.com\/r\/ugxr7e\" target=\"_blank\" rel=\"noreferrer noopener\">Via Alpina ThruHike (2021)<\/a><\/li>\n\n\n\n<li><a href=\"https:\/\/lighterpack.com\/r\/l5kdnm\" target=\"_blank\" rel=\"noreferrer noopener\">Aare ThruHike (2021)<\/a><\/li>\n\n\n\n<li><a href=\"https:\/\/lighterpack.com\/r\/19d4kj\" target=\"_blank\" rel=\"noreferrer noopener\">PCT ThruHike (2022)<\/a><\/li>\n\n\n\n<li><a href=\"https:\/\/lighterpack.com\/r\/9fh40f\" target=\"_blank\" rel=\"noreferrer noopener\">Alpenp\u00e4sse-Weg (2023+)<\/a><\/li>\n\n\n\n<li><a href=\"https:\/\/lighterpack.com\/r\/nrsmwu\" target=\"_blank\" rel=\"noreferrer noopener\">AT\/IAT &#8211; Vorbereitung (2025+)<\/a><\/li>\n<\/ul>\n\n\n\n<p>Nachfolgend ein paar generische Packlisten:<\/p>\n\n\n\n<ul class=\"wp-block-list\">\n<li><a href=\"https:\/\/lighterpack.com\/r\/410ea0\" target=\"_blank\" rel=\"noreferrer noopener\">Zelt mehrt\u00e4gig 3-Jahreszeiten (2020)<\/a><\/li>\n\n\n\n<li><a href=\"https:\/\/lighterpack.com\/r\/hsyzfb\" target=\"_blank\" rel=\"noreferrer noopener\">Zelt mehrt\u00e4gig 3-Jahreszeiten (2024)<\/a><\/li>\n\n\n\n<li><a href=\"https:\/\/lighterpack.com\/r\/vf1br5\" target=\"_blank\" rel=\"noreferrer noopener\">H\u00e4ngematte mehrt\u00e4gig 3-Jahreszeiten (2020)<\/a><\/li>\n\n\n\n<li><a href=\"https:\/\/lighterpack.com\/r\/cn8ik5\" target=\"_blank\" rel=\"noreferrer noopener\">H\u00e4ngematte mehrt\u00e4gig Sommer &amp; \u00dcbergangsmonate (2025)<\/a><\/li>\n\n\n\n<li><a href=\"https:\/\/lighterpack.com\/r\/xi08ye\" target=\"_blank\" rel=\"noreferrer noopener\">H\u00e4ngematte mehrt\u00e4gig Winter (2026)<\/a><\/li>\n\n\n\n<li><a href=\"https:\/\/lighterpack.com\/r\/h829mm\" target=\"_blank\" rel=\"noreferrer noopener\">Fastpacking mehrt\u00e4gig Sommer &amp; \u00dcbergangsmonate (2026)<\/a><\/li>\n<\/ul>\n\n\n\n<p>In den Listen mit Sternchen versehene Artikel kann ich bedingungslos weiterempfehlen! Meine nahezu komplette Materialliste findet ihr <a rel=\"noreferrer noopener\" href=\"https:\/\/lighterpack.com\/r\/wku61b\" target=\"_blank\">hier<\/a>, viel Spass beim Schm\u00f6kern.<\/p>\n\n\n\n<figure class=\"wp-block-image size-large\"><img loading=\"lazy\" decoding=\"async\" width=\"1024\" height=\"768\" data-attachment-id=\"11698\" data-permalink=\"https:\/\/www.intellectualsovereignty.ch\/index.php\/gear\/img_5880\/\" data-orig-file=\"https:\/\/www.intellectualsovereignty.ch\/wp-content\/uploads\/2022\/09\/IMG_5880.jpeg\" data-orig-size=\"1280,960\" data-comments-opened=\"0\" data-image-meta=\"{&quot;aperture&quot;:&quot;1.8&quot;,&quot;credit&quot;:&quot;&quot;,&quot;camera&quot;:&quot;iPhone SE (2nd generation)&quot;,&quot;caption&quot;:&quot;&quot;,&quot;created_timestamp&quot;:&quot;1650364254&quot;,&quot;copyright&quot;:&quot;&quot;,&quot;focal_length&quot;:&quot;3.99&quot;,&quot;iso&quot;:&quot;80&quot;,&quot;shutter_speed&quot;:&quot;0.012658227848101&quot;,&quot;title&quot;:&quot;&quot;,&quot;orientation&quot;:&quot;1&quot;}\" data-image-title=\"IMG_5880\" data-image-description=\"\" data-image-caption=\"\" data-large-file=\"https:\/\/www.intellectualsovereignty.ch\/wp-content\/uploads\/2022\/09\/IMG_5880-1024x768.jpeg\" src=\"https:\/\/www.intellectualsovereignty.ch\/wp-content\/uploads\/2022\/09\/IMG_5880-1024x768.jpeg\" alt=\"\" class=\"wp-image-11698\" srcset=\"https:\/\/www.intellectualsovereignty.ch\/wp-content\/uploads\/2022\/09\/IMG_5880-1024x768.jpeg 1024w, https:\/\/www.intellectualsovereignty.ch\/wp-content\/uploads\/2022\/09\/IMG_5880-300x225.jpeg 300w, https:\/\/www.intellectualsovereignty.ch\/wp-content\/uploads\/2022\/09\/IMG_5880-768x576.jpeg 768w, https:\/\/www.intellectualsovereignty.ch\/wp-content\/uploads\/2022\/09\/IMG_5880-400x300.jpeg 400w, https:\/\/www.intellectualsovereignty.ch\/wp-content\/uploads\/2022\/09\/IMG_5880-800x600.jpeg 800w, https:\/\/www.intellectualsovereignty.ch\/wp-content\/uploads\/2022\/09\/IMG_5880.jpeg 1280w\" sizes=\"auto, (max-width: 1024px) 100vw, 1024px\" \/><figcaption class=\"wp-element-caption\">Material f\u00fcr meinen PCT-ThruHike 2022<\/figcaption><\/figure>\n\n\n\n<p>Tipp: Wer auf der Suche nach einem stabilen Zelt f\u00fcr einen ThruHike ist, dem empfehle ich die Lekt\u00fcre des Artikels <a href=\"https:\/\/slowerhiking.com\/shelter\/tents-in-strong-wind-what-you-need-to-know\" target=\"_blank\" rel=\"noreferrer noopener\">Tents in strong wind: What you need to know<\/a> bevor die Bestellung eines derzeit hippen Teils abgesetzt wird! \ud83d\ude07<\/p>\n","protected":false},"excerpt":{"rendered":"<p>Gerne experimentiere ich mit vielerlei Ausr\u00fcstung rum, um mein ideales Packmass f\u00fcr l\u00e4ngere Wanderungen (im Fr\u00fchling, Sommer und\/oder Herbst) herauszufinden. Unter nachfolgenden Links findet ihr diverse \u00e4lteren sowie auch aktuelle Materiallisten: Nachfolgend ein paar generische Packlisten: In den Listen mit Sternchen versehene Artikel kann ich bedingungslos weiterempfehlen! Meine nahezu komplette Materialliste findet ihr hier, viel [&hellip;]<\/p>\n","protected":false},"author":1,"featured_media":0,"parent":0,"menu_order":3,"comment_status":"closed","ping_status":"closed","template":"","meta":{"jetpack_post_was_ever_published":false,"footnotes":""},"class_list":["post-604","page","type-page","status-publish","hentry","missing-thumbnail"],"jetpack_shortlink":"https:\/\/wp.me\/P9IwFN-9K","jetpack_likes_enabled":false,"jetpack_sharing_enabled":true,"_links":{"self":[{"href":"https:\/\/www.intellectualsovereignty.ch\/index.php\/wp-json\/wp\/v2\/pages\/604","targetHints":{"allow":["GET"]}}],"collection":[{"href":"https:\/\/www.intellectualsovereignty.ch\/index.php\/wp-json\/wp\/v2\/pages"}],"about":[{"href":"https:\/\/www.intellectualsovereignty.ch\/index.php\/wp-json\/wp\/v2\/types\/page"}],"author":[{"embeddable":true,"href":"https:\/\/www.intellectualsovereignty.ch\/index.php\/wp-json\/wp\/v2\/users\/1"}],"replies":[{"embeddable":true,"href":"https:\/\/www.intellectualsovereignty.ch\/index.php\/wp-json\/wp\/v2\/comments?post=604"}],"version-history":[{"count":9,"href":"https:\/\/www.intellectualsovereignty.ch\/index.php\/wp-json\/wp\/v2\/pages\/604\/revisions"}],"predecessor-version":[{"id":13768,"href":"https:\/\/www.intellectualsovereignty.ch\/index.php\/wp-json\/wp\/v2\/pages\/604\/revisions\/13768"}],"wp:attachment":[{"href":"https:\/\/www.intellectualsovereignty.ch\/index.php\/wp-json\/wp\/v2\/media?parent=604"}],"curies":[{"name":"wp","href":"https:\/\/api.w.org\/{rel}","templated":true}]}}