{"id":4283,"date":"2022-01-07T17:45:56","date_gmt":"2022-01-07T16:45:56","guid":{"rendered":"https:\/\/www.intellectualsovereignty.ch\/?page_id=4283"},"modified":"2022-01-16T22:49:16","modified_gmt":"2022-01-16T21:49:16","slug":"aare-thruhike-2021","status":"publish","type":"page","link":"https:\/\/www.intellectualsovereignty.ch\/index.php\/projects\/aare-thruhike-2021\/","title":{"rendered":"Aare &#8211; ThruHike 2021"},"content":{"rendered":"\n<p>Ich kann mich nicht erinnern, wo und wann mir die urspr\u00fcngliche Idee f\u00fcr eine komplette Begehung des Aarelaufs, sprich von der Quelle bis zur M\u00fcndung in den Rhein gekommen ist, auf jeden Fall hatte ein L\u00f6ffel und ein schlangennaher Name damit zu tun (nachzulesen unter <a rel=\"noreferrer noopener\" href=\"https:\/\/www.intellectualsovereignty.ch\/index.php\/2020\/12\/30\/hike-46-thun-ittigen-biel\/\" target=\"_blank\">Hike#46<\/a>). Nebst der Via Alpina (siehe <a rel=\"noreferrer noopener\" href=\"https:\/\/www.intellectualsovereignty.ch\/index.php\/2021\/08\/03\/via-alpina-thruhike\/\" target=\"_blank\">Via Alpina &#8211; ThruHike<\/a>) sollte dies eine weitere grosse Herausforderung im zweiten Pandemie-Jahr darstellen&#8230;<\/p>\n\n\n\n<hr class=\"wp-block-separator\"\/>\n\n\n\n<h2 class=\"wp-block-heading\">Planung<\/h2>\n\n\n\n<p>Urspr\u00fcnglicher Plan war von der Quelle der Aare bis zu ihrer Einm\u00fcndung in den Rhein, d.h. vom Unteraargletscher (pr\u00e4ziser von der Lauteraarh\u00fctte SAC) bis nach Koblenz zu laufen, gem\u00e4ss <a rel=\"noreferrer noopener\" href=\"https:\/\/map.schweizmobil.ch\/?lang=de&amp;photos=yes&amp;bgLayer=pk&amp;logo=yes&amp;season=summer&amp;resolution=123.4&amp;E=2624536&amp;N=1215371&amp;trackId=1355688889\" target=\"_blank\">SchweizMobil-Tour<\/a> ein Unterfangen von knapp mal 330km.<\/p>\n\n\n\n<p>Daf\u00fcr mir Ferien zu nehmen wollte ich nicht, also begann ich die Strecke in Etappen \u00e0 30km oder mehr zu unterteilen, je flacher der Verlauf desto mehr Kilometer waren an einem einzigen Tag zu meistern.<\/p>\n\n\n\n<h2 class=\"wp-block-heading\">Gelaufene Strecke<\/h2>\n\n\n\n<p>Effektiv gelaufen bin ich dann in 10 Tagesetappen insgesamt 399km und zwar in nachfolgender St\u00fcckelung:<\/p>\n\n\n\n<ol class=\"wp-block-list\"><li><a rel=\"noreferrer noopener\" href=\"https:\/\/www.intellectualsovereignty.ch\/index.php\/2021\/09\/18\/hike74-meiringen-grimselpass\/\" target=\"_blank\">Grimselpass &#8211; Meiringen<\/a> (30.5km, 480m hoch \/ 2&#8217;045m runter,  7h30)<\/li><li><a rel=\"noreferrer noopener\" href=\"https:\/\/www.intellectualsovereignty.ch\/index.php\/2021\/04\/30\/hike-54-meiringen-brienz-interlaken\/\" target=\"_blank\">Meiringen &#8211; Brienz &#8211; Interlaken<\/a> (34.5km, 990m hoch \/ 1&#8217;025m runter, 6h45)<\/li><li><a rel=\"noreferrer noopener\" href=\"https:\/\/www.intellectualsovereignty.ch\/index.php\/2021\/05\/24\/hike-58-interlaken-thun\/\" target=\"_blank\">Interlaken &#8211; Thun<\/a> (34km, 1&#8217;060m hoch \/ 1&#8217;065m runter, 6h40)<\/li><li><a rel=\"noreferrer noopener\" href=\"https:\/\/www.intellectualsovereignty.ch\/index.php\/2020\/12\/30\/hike-46-thun-ittigen-biel\/\" target=\"_blank\">Thun &#8211; Ittigen<\/a> (34.8km, 375m hoch \/ 375m runter, 6h50)<\/li><li><a rel=\"noreferrer noopener\" href=\"https:\/\/www.intellectualsovereignty.ch\/index.php\/2020\/12\/30\/hike-46-thun-ittigen-biel\/\" target=\"_blank\">Ittigen &#8211; Biel<\/a> (58km, 680m hoch \/ 805m runter, 9h45)<\/li><li><a rel=\"noreferrer noopener\" href=\"https:\/\/www.intellectualsovereignty.ch\/index.php\/2021\/03\/20\/hike-50-biel-solothurn\/\" target=\"_blank\">Biel &#8211; Solothurn<\/a> (33km, 140m hoch \/ 145m runter, 5h30)<\/li><li><a rel=\"noreferrer noopener\" href=\"https:\/\/www.intellectualsovereignty.ch\/index.php\/2021\/05\/15\/hike-56-solothurn-olten\/\" target=\"_blank\">Solothurn &#8211; Olten<\/a> (45km, 615m hoch \/ 650m runter, 8h)<\/li><li><a rel=\"noreferrer noopener\" href=\"https:\/\/www.intellectualsovereignty.ch\/index.php\/2021\/05\/23\/hike-57-olten-brugg\/\" target=\"_blank\">Olten &#8211; Brugg<\/a> (39km, 580m hoch \/ 630m runter, 7h05)<\/li><li><a rel=\"noreferrer noopener\" href=\"https:\/\/www.intellectualsovereignty.ch\/index.php\/2021\/05\/28\/hike59-brugg-koblenz-laufenburg\/\" target=\"_blank\">Brugg &#8211; Koblenz &#8211; Laufenburg<\/a> (41.3km, 485m hoch \/ 520m runter, 7h10)<\/li><li><a rel=\"noreferrer noopener\" href=\"https:\/\/www.intellectualsovereignty.ch\/index.php\/2021\/06\/11\/hike60-laufenburg-basel\/\" target=\"_blank\">Laufenburg &#8211; Basel<\/a> (49km, 775m hoch \/ 815m runter, 8h40)<\/li><\/ol>\n\n\n\n<p>Die chronologische Abfolge entspricht nicht der Nummerierung sondern w\u00e4re 4\/5\/6\/2\/7\/8\/3\/9\/10\/1, dies d\u00fcrfte auch die sonst komisch anmutenden Wetterkapriolen erkl\u00e4ren! Zudem muss gesagt sein, dass ich die allererste Etappe in umgekehrter Richtung gelaufen bin, ich laufe n\u00e4mlich viel lieber hoch als runter&#8230; \ud83d\ude42<\/p>\n\n\n\n<p>Die nachfolgende Kartendarstellung stellt den effektiv begangenen Weg dar.<\/p>\n\n\n\n<iframe src=\"https:\/\/new.spotwalla.com\/track\/cd34-15a46b2a-1164\/view\" style=\"width:100%; height:600px !important;\" frameborder=\"0\">\n<\/iframe>\n\n\n\n<div style=\"height:25px\" aria-hidden=\"true\" class=\"wp-block-spacer\"><\/div>\n\n\n\n<p>Die gesamten knapp vierhundert Kilometer liessen sich sicherlich auch in einem &#171;Schnutz&#187; mit Zelt laufen, da sind mir gen\u00fcgend Campings und sonstwie charmanten Schlafpl\u00e4tzchen unterwegs begegnet, das \u00fcberlasse ich jedoch jemand anderem&#8230;<\/p>\n\n\n\n<h2 class=\"wp-block-heading\">Erkenntnisse<\/h2>\n\n\n\n<p>Dem Lauf der Aare zu folgen war sehr lehrreich f\u00fcr mich, und ich bin froh, die Fernwanderung unter die F\u00fcsse genommen zu haben. Folgende Dinge sind mir speziell h\u00e4ngengeblieben, jetzt mit ein paar Monaten Distanz:<\/p>\n\n\n\n<p>Mir war nicht bewusst, wie stark wir geschichtlich von der Kraft und dem Lauf des Wassers abh\u00e4ngig waren, und es heute noch immer sind. Die unz\u00e4hligen Fluss- und Kernkraftwerke, die Br\u00fccken, Anlegestellen und sonstigen Bauten (oder das was davon \u00fcbriggeblieben ist) zeugen von der Wichtigkeit unserer Fl\u00fcsse.<\/p>\n\n\n\n<p>Gleichzeitig ist es aber erschreckend, wie stark wir den nat\u00fcrlichen Lauf des Wassers begradigt, uns gef\u00fcgig gemacht haben. Die Fauna und Flora hat sichtbar gelitten, d\u00fcrfte an vielen Stellen irreparablen Schaden genommen haben. An manchen Stellen bin ich Renaturierungsprojekten begegnet, die Hoffnung aufkommen lassen.<\/p>\n\n\n\n<p>So sch\u00f6n die Aare punktuell betrachtet anzusehen ist, vor allem dort wo sie f\u00fcr Sport und Erholung genutzt wird, so schrecklich eint\u00f6nig kam mir die Wanderung zeitenweise auch vor. Eine gute \u00dcbung f\u00fcr mir bevorstehende, l\u00e4ngere \u00e4hnlich monotone Abschnitte beispielsweise auf dem PCT.<\/p>\n\n\n\n<p>Die Wanderung entlang der Aare hat mir auch gewisse Vorurteile genommen, so beispielsweise dasjenige gegen\u00fcber dem Aargau. Die Auenlandschaften denen ich dort begegnet bin, widerlegen dessen Ruf als reiner Nebel- und Durchfahrtskanton! Zudem habe ich Orte entdeckt, die ich weiter erkunden werde in Zukunft, beispielsweise den Chestenberg, das \u00dcrbachtal oder den Gelmersee.<\/p>\n\n\n\n<h2 class=\"wp-block-heading\">Material<\/h2>\n\n\n\n<p>Der Einfachheit halber war ich nur mit einem Tagesrucksack unterwegs, einzig Ersatzkleidung, Regenzeug und gen\u00fcgend Futter sowie 1.5l Wasser waren meine steten Begleiter. Was ich i.d.R. sonst so dabei hatte (eher bei k\u00fchleren Temperaturen), k\u00f6nnt ihr <a rel=\"noreferrer noopener\" href=\"https:\/\/lighterpack.com\/r\/l5kdnm\" target=\"_blank\">hier<\/a> nachsehen.<\/p>\n\n\n\n<h2 class=\"wp-block-heading\">Links<\/h2>\n\n\n\n<p>Weiterf\u00fchrende Informationen lassen sich leicht auf den g\u00e4ngigen Suchmaschinen finden, so stosse ich beispielsweise auf den Erfahrungsbericht von <a rel=\"noreferrer noopener\" href=\"https:\/\/www.aarewanderung.ch\" target=\"_blank\">aarewanderung.ch<\/a>, die \u00fcber k\u00fcrzere Etappen berichtet und auch \u00dcbernachtungsm\u00f6glichkeiten angibt (f\u00fcr die Aktualit\u00e4t der Webseite \u00fcbernehme ich nat\u00fcrlich keinerlei Gew\u00e4hr).<\/p>\n","protected":false},"excerpt":{"rendered":"<p>Ich kann mich nicht erinnern, wo und wann mir die urspr\u00fcngliche Idee f\u00fcr eine komplette Begehung des Aarelaufs, sprich von der Quelle bis zur M\u00fcndung in den Rhein gekommen ist, auf jeden Fall hatte ein L\u00f6ffel und ein schlangennaher Name damit zu tun (nachzulesen unter Hike#46). Nebst der Via Alpina (siehe Via Alpina &#8211; ThruHike) [&hellip;]<\/p>\n","protected":false},"author":1,"featured_media":4269,"parent":4276,"menu_order":1,"comment_status":"closed","ping_status":"closed","template":"","meta":{"jetpack_post_was_ever_published":false,"footnotes":""},"class_list":["post-4283","page","type-page","status-publish","has-post-thumbnail","hentry","has-thumbnail"],"jetpack_shortlink":"https:\/\/wp.me\/P9IwFN-175","jetpack_likes_enabled":false,"jetpack_sharing_enabled":true,"_links":{"self":[{"href":"https:\/\/www.intellectualsovereignty.ch\/index.php\/wp-json\/wp\/v2\/pages\/4283","targetHints":{"allow":["GET"]}}],"collection":[{"href":"https:\/\/www.intellectualsovereignty.ch\/index.php\/wp-json\/wp\/v2\/pages"}],"about":[{"href":"https:\/\/www.intellectualsovereignty.ch\/index.php\/wp-json\/wp\/v2\/types\/page"}],"author":[{"embeddable":true,"href":"https:\/\/www.intellectualsovereignty.ch\/index.php\/wp-json\/wp\/v2\/users\/1"}],"replies":[{"embeddable":true,"href":"https:\/\/www.intellectualsovereignty.ch\/index.php\/wp-json\/wp\/v2\/comments?post=4283"}],"version-history":[{"count":5,"href":"https:\/\/www.intellectualsovereignty.ch\/index.php\/wp-json\/wp\/v2\/pages\/4283\/revisions"}],"predecessor-version":[{"id":4336,"href":"https:\/\/www.intellectualsovereignty.ch\/index.php\/wp-json\/wp\/v2\/pages\/4283\/revisions\/4336"}],"up":[{"embeddable":true,"href":"https:\/\/www.intellectualsovereignty.ch\/index.php\/wp-json\/wp\/v2\/pages\/4276"}],"wp:featuredmedia":[{"embeddable":true,"href":"https:\/\/www.intellectualsovereignty.ch\/index.php\/wp-json\/wp\/v2\/media\/4269"}],"wp:attachment":[{"href":"https:\/\/www.intellectualsovereignty.ch\/index.php\/wp-json\/wp\/v2\/media?parent=4283"}],"curies":[{"name":"wp","href":"https:\/\/api.w.org\/{rel}","templated":true}]}}