{"id":4276,"date":"2022-01-07T17:36:31","date_gmt":"2022-01-07T16:36:31","guid":{"rendered":"https:\/\/www.intellectualsovereignty.ch\/?page_id=4276"},"modified":"2025-01-04T09:06:28","modified_gmt":"2025-01-04T08:06:28","slug":"projects","status":"publish","type":"page","link":"https:\/\/www.intellectualsovereignty.ch\/index.php\/projects\/","title":{"rendered":"Projects"},"content":{"rendered":"\n<p>Vor ein paar Jahren habe ich das Fernwandern f\u00fcr mich entdeckt, und seither h\u00e4nge ich immer wieder zwischen n\u00e4hrenden Erinnerungen und einem unbarmherzigen Fernweh, einer Sehnsucht nach anhaltender Weite&#8230;<\/p>\n\n\n\n<p>Nachfolgend m\u00f6chte ich ein paar lang gehegte  Fernwanderungen vorstellen, die ich am St\u00fcck oder in mehreren Abschnitten gelaufen bin oder fix auf meiner Bucket-List stehen. Von ThruHikes ist dann die Rede, wenn eine Fernwanderung im ein und demselben Kalenderjahr absolviert wird.<\/p>\n\n\n\n<h2 class=\"wp-block-heading\">Schweiz<\/h2>\n\n\n\n<iframe src=\"https:\/\/new.spotwalla.com\/retro\/bc20-252f9b0a-b791\/view\" style=\"width:100%; height:600px !important;\" frameborder=\"0\">\n<\/iframe>\n\n\n\n<ul class=\"wp-block-list\">\n<li><a href=\"https:\/\/www.intellectualsovereignty.ch\/index.php\/projects\/via-alpina-thruhike-2021\/\" data-type=\"page\" data-id=\"4270\">Via Alpina &#8211; ThruHike (2021)<\/a><\/li>\n\n\n\n<li><a href=\"https:\/\/www.intellectualsovereignty.ch\/index.php\/projects\/aare-thruhike-2021\/\" data-type=\"page\" data-id=\"4283\">Aare &#8211; ThruHike (2021)<\/a><\/li>\n\n\n\n<li><a href=\"https:\/\/www.intellectualsovereignty.ch\/index.php\/projects\/jura-hoehenweg\/\" data-type=\"page\" data-id=\"13280\">Jura-H\u00f6henweg (2020-2025)<\/a><\/li>\n\n\n\n<li><a href=\"https:\/\/www.intellectualsovereignty.ch\/index.php\/projects\/alpenpaesse-thruhike-2024\/\" data-type=\"page\" data-id=\"11864\">Alpenp\u00e4sse-Weg (2023-2025)<\/a><\/li>\n<\/ul>\n\n\n\n<h2 class=\"wp-block-heading\">USA &amp; Kanada<\/h2>\n\n\n\n<iframe src=\"https:\/\/new.spotwalla.com\/retro\/c1c8-1cf9dc2a-8802\/view\" style=\"width:100%; height:600px !important;\" frameborder=\"0\">\n<\/iframe>\n\n\n\n<ul class=\"wp-block-list\">\n<li><a href=\"https:\/\/www.intellectualsovereignty.ch\/index.php\/projects\/pct-thruhike-2022\/\">Pacific Crest Trail &#8211; ThruHike (2022)<\/a><\/li>\n\n\n\n<li>Appalachian &amp; International Appalachian Trail (wir werden sehen&#8230;)<\/li>\n<\/ul>\n","protected":false},"excerpt":{"rendered":"<p>Vor ein paar Jahren habe ich das Fernwandern f\u00fcr mich entdeckt, und seither h\u00e4nge ich immer wieder zwischen n\u00e4hrenden Erinnerungen und einem unbarmherzigen Fernweh, einer Sehnsucht nach anhaltender Weite&#8230; Nachfolgend m\u00f6chte ich ein paar lang gehegte Fernwanderungen vorstellen, die ich am St\u00fcck oder in mehreren Abschnitten gelaufen bin oder fix auf meiner Bucket-List stehen. Von [&hellip;]<\/p>\n","protected":false},"author":1,"featured_media":0,"parent":0,"menu_order":4,"comment_status":"closed","ping_status":"closed","template":"","meta":{"footnotes":""},"class_list":["post-4276","page","type-page","status-publish","hentry","missing-thumbnail"],"jetpack_shortlink":"https:\/\/wp.me\/P9IwFN-16Y","jetpack_likes_enabled":false,"jetpack_sharing_enabled":true,"_links":{"self":[{"href":"https:\/\/www.intellectualsovereignty.ch\/index.php\/wp-json\/wp\/v2\/pages\/4276","targetHints":{"allow":["GET"]}}],"collection":[{"href":"https:\/\/www.intellectualsovereignty.ch\/index.php\/wp-json\/wp\/v2\/pages"}],"about":[{"href":"https:\/\/www.intellectualsovereignty.ch\/index.php\/wp-json\/wp\/v2\/types\/page"}],"author":[{"embeddable":true,"href":"https:\/\/www.intellectualsovereignty.ch\/index.php\/wp-json\/wp\/v2\/users\/1"}],"replies":[{"embeddable":true,"href":"https:\/\/www.intellectualsovereignty.ch\/index.php\/wp-json\/wp\/v2\/comments?post=4276"}],"version-history":[{"count":11,"href":"https:\/\/www.intellectualsovereignty.ch\/index.php\/wp-json\/wp\/v2\/pages\/4276\/revisions"}],"predecessor-version":[{"id":13282,"href":"https:\/\/www.intellectualsovereignty.ch\/index.php\/wp-json\/wp\/v2\/pages\/4276\/revisions\/13282"}],"wp:attachment":[{"href":"https:\/\/www.intellectualsovereignty.ch\/index.php\/wp-json\/wp\/v2\/media?parent=4276"}],"curies":[{"name":"wp","href":"https:\/\/api.w.org\/{rel}","templated":true}]}}