{"id":11864,"date":"2023-07-10T22:40:00","date_gmt":"2023-07-10T20:40:00","guid":{"rendered":"https:\/\/www.intellectualsovereignty.ch\/?page_id=11864"},"modified":"2026-01-24T23:15:57","modified_gmt":"2026-01-24T22:15:57","slug":"alpenpaesse-thruhike-2024","status":"publish","type":"page","link":"https:\/\/www.intellectualsovereignty.ch\/index.php\/projects\/alpenpaesse-thruhike-2024\/","title":{"rendered":"Alpenp\u00e4sse-Weg"},"content":{"rendered":"\n<p>Achtung fertig los! Auch im 2023 w\u00fcrde ich gerne per Pedes ein paar sch\u00f6ne Trailkilometer geniessen, heuer triffts wiederum die Alpen, diesmal s\u00fcdlicher als die Via Alpina.<\/p>\n\n\n\n<p><em><mark style=\"background-color:rgba(0, 0, 0, 0)\" class=\"has-inline-color has-accent-color\">Update 13.08.2023:<\/mark> Aufgrund der Wetterkapriolen der letzten Wochen und der fortgeschrittenen Zeit werde ich den Alpenp\u00e4sse-Weg erst n\u00e4chstes Jahr konsequent angehen k\u00f6nnen. Entsprechend <em>wird aus 2023 nun 2024<\/em><\/em>. <em>Stay tuned! \ud83d\ude42<\/em><\/p>\n\n\n\n<p><em>Update 03.01.2025: Auch das 2024 war von inkompatiblen Kalendern und Wetterbedingungen gepr\u00e4gt, dennoch habe ich ein paar Abschnitte laufen k\u00f6nnen. Vom Ansinnen den Alpenp\u00e4sse-Weg als ThruHike durchzulaufen habe ich mich definitiv verabschiedet, ich strebe unver\u00e4ndert an, ihn komplett daf\u00fcr etappenweise zu begehen&#8230;<\/em><\/p>\n\n\n\n<hr class=\"wp-block-separator has-css-opacity\"\/>\n\n\n\n<h2 class=\"wp-block-heading\">Planung<\/h2>\n\n\n\n<p>Den <a rel=\"noreferrer noopener\" href=\"https:\/\/schweizmobil.cap02.pxlpartner.ch\/de\/wanderland\/routen\/route-06.html\" target=\"_blank\">Alpenp\u00e4sse-Weg (Nr. 6)<\/a> m\u00f6chte ich &#8211; mit einer kleinen Ausnahme zwischen Etappe 20 und 21, sprich Extrameile hoch nach Zermatt \u00fcber den Europa-Weg &#8211; komplett und in insgesamt rund 3 Wochen begehen, je nach Wetter, Ferientagen und Fitness in 4-5 Anl\u00e4ufen.<\/p>\n\n\n\n<p>Folgende Etappen habe ich mir aufgrund der Resupply-M\u00f6glichkeiten zusammengestellt.<\/p>\n\n\n\n<ol class=\"wp-block-list\">\n<li><strong>Etappe 01 \/ St. Moritz, Corviglia &#8211; Savognin<\/strong><br>Distanz: 43.2km<br>H\u00f6henmeter: 2&#8217;565m hoch \/ 3&#8217;850m runter<br>Marschzeit: 15h<br>GPS-Route:&nbsp;<a href=\"https:\/\/map.schweizmobil.ch\/?lang=de&amp;photos=yes&amp;bgLayer=pk&amp;logo=yes&amp;detours=yes&amp;season=summer&amp;resolution=9.58&amp;E=2766754&amp;N=1160727&amp;layers=Wanderland&amp;trackId=1111414685\" target=\"_blank\" rel=\"noreferrer noopener\">SchweizMobil<\/a><br>Beschrieb:&nbsp;<a href=\"https:\/\/schweizmobil.cap02.pxlpartner.ch\/de\/wanderland\/routen\/route-06.html\">Alpenp\u00e4sse<\/a><a href=\"https:\/\/schweizmobil.cap02.pxlpartner.ch\/de\/wanderland\/routen\/route-06.html\" target=\"_blank\" rel=\"noreferrer noopener\">-Weg (Nr. 6)<\/a>, Etappen 1-3<br><\/li>\n\n\n\n<li><strong>Etappe 02 \/ Savognin &#8211; Spl\u00fcgen<br><\/strong>Distanz: 34.1km<br>H\u00f6henmeter: 2&#8217;510m hoch \/ 2&#8217;248m runter<br>Marschzeit: 12h30<br>GPS-Route:&nbsp;<a href=\"https:\/\/map.schweizmobil.ch\/?lang=de&amp;photos=yes&amp;bgLayer=pk&amp;logo=yes&amp;detours=yes&amp;season=summer&amp;resolution=6.93&amp;E=2744184&amp;N=1158042&amp;layers=Wanderland&amp;trackId=364692753\" target=\"_blank\" rel=\"noreferrer noopener\">SchweizMobil<\/a><br>Beschrieb:&nbsp;<a href=\"https:\/\/schweizmobil.cap02.pxlpartner.ch\/de\/wanderland\/routen\/route-06.html\" target=\"_blank\" rel=\"noreferrer noopener\">Alpenp\u00e4sse-Weg (Nr. 6)<\/a>, Etappen 4-5<br><\/li>\n\n\n\n<li><strong>Etappe 03 \/ Spl\u00fcgen &#8211; Vella<br><\/strong>Distanz: 46km<br>H\u00f6henmeter: 2&#8217;865m hoch \/ 3&#8217;085m runter<br>Marschzeit: 16h<br>GPS-Route:&nbsp;<a href=\"https:\/\/map.schweizmobil.ch\/?lang=de&amp;photos=yes&amp;bgLayer=pk&amp;logo=yes&amp;detours=yes&amp;season=summer&amp;resolution=24.09&amp;E=2736591&amp;N=1164687&amp;layers=Wanderland&amp;trackId=1901271104\" target=\"_blank\" rel=\"noreferrer noopener\">SchweizMobil<\/a><br>Beschrieb:&nbsp;<a href=\"https:\/\/schweizmobil.cap02.pxlpartner.ch\/de\/wanderland\/routen\/route-06.html\" target=\"_blank\" rel=\"noreferrer noopener\">Alpenp\u00e4sse-Weg (Nr. 6)<\/a>, Etappen 6-7<br><\/li>\n\n\n\n<li><strong>Etappe 04 \/ Vella &#8211; Airolo<br><\/strong>Distanz: 85.5km<br>H\u00f6henmeter: 5&#8217;230m hoch\/ 5&#8217;325m runter<br>Marschzeit: 29h30<br>GPS-Route:&nbsp;<a href=\"https:\/\/map.schweizmobil.ch\/?lang=de&amp;photos=yes&amp;bgLayer=pk&amp;logo=yes&amp;detours=yes&amp;season=summer&amp;resolution=32.3&amp;E=2704254&amp;N=1163893&amp;layers=Wanderland&amp;trackId=608986116\" target=\"_blank\" rel=\"noreferrer noopener\">SchweizMobil<\/a><br>Beschrieb:&nbsp;<a href=\"https:\/\/schweizmobil.cap02.pxlpartner.ch\/de\/wanderland\/routen\/route-06.html\" target=\"_blank\" rel=\"noreferrer noopener\">Alpenp\u00e4sse-Weg (Nr. 6)<\/a>, Etappen 8-12<br><\/li>\n\n\n\n<li><strong>Etappe 05 \/ Airolo &#8211; Binn<br><\/strong>Distanz: 62.3km<br>H\u00f6henmeter: 3&#8217;975m hoch\/ 3&#8217;715m runter<br>Marschzeit: 21h45<br>GPS-Route:&nbsp;<a href=\"https:\/\/map.schweizmobil.ch\/?lang=de&amp;photos=yes&amp;bgLayer=pk&amp;logo=yes&amp;detours=yes&amp;season=summer&amp;resolution=1.05&amp;E=2657306&amp;N=1134916&amp;layers=Wanderland&amp;trackId=1452111639\" target=\"_blank\" rel=\"noreferrer noopener\">SchweizMobil<\/a><br>Beschrieb:&nbsp;<a href=\"https:\/\/schweizmobil.cap02.pxlpartner.ch\/de\/wanderland\/routen\/route-06.html\" target=\"_blank\" rel=\"noreferrer noopener\">Alpenp\u00e4sse-Weg (Nr. 6)<\/a>, Etappen 13-15<br><\/li>\n\n\n\n<li><strong>Etappe 06 \/ Binn &#8211; Simplonpass<br><\/strong>Distanz: 35.4km<br>H\u00f6henmeter: 2&#8217;385m hoch\/ 1&#8217;785m runter<br>Marschzeit: 12h20<br>GPS-Route:&nbsp;<a href=\"https:\/\/map.schweizmobil.ch\/?lang=de&amp;photos=yes&amp;bgLayer=pk&amp;logo=yes&amp;detours=yes&amp;season=summer&amp;resolution=1&amp;E=2645554&amp;N=1122081&amp;layers=Wanderland&amp;trackId=1846077795\" target=\"_blank\" rel=\"noreferrer noopener\">SchweizMobil<\/a><br>Beschrieb:&nbsp;<a href=\"https:\/\/schweizmobil.cap02.pxlpartner.ch\/de\/wanderland\/routen\/route-06.html\" target=\"_blank\" rel=\"noreferrer noopener\">Alpenp\u00e4sse-Weg (Nr. 6)<\/a>, Etappen 16-17<br><\/li>\n\n\n\n<li><strong>Etappe 07 \/ Simplonpass &#8211; Gspon<br><\/strong>Distanz: 24.4km<br>H\u00f6henmeter: 1&#8217;045m hoch\/ 1&#8217;150m runter<br>Marschzeit: 7h30<br>GPS-Route:&nbsp;<a href=\"https:\/\/map.schweizmobil.ch\/?lang=de&amp;photos=yes&amp;bgLayer=pk&amp;logo=yes&amp;detours=yes&amp;season=summer&amp;resolution=2.74&amp;E=2635811&amp;N=1119396&amp;layers=Wanderland&amp;trackId=828076617\" target=\"_blank\" rel=\"noreferrer noopener\">SchweizMobil<\/a><br>Beschrieb:&nbsp;<a href=\"https:\/\/schweizmobil.cap02.pxlpartner.ch\/de\/wanderland\/routen\/route-06.html\" target=\"_blank\" rel=\"noreferrer noopener\">Alpenp\u00e4sse-Weg (Nr. 6)<\/a>, Etappe 18<br><\/li>\n\n\n\n<li><strong>Etappe 08 \/ Gspon &#8211; Gr\u00e4chen<br><\/strong>Distanz: 37.6km<br>H\u00f6henmeter: 2&#8217;155m hoch\/ 2&#8217;425m runter<br>Marschzeit: 12h50<br>GPS-Route:&nbsp;<a href=\"https:\/\/map.schweizmobil.ch\/?lang=de&amp;photos=yes&amp;bgLayer=pk&amp;logo=yes&amp;detours=yes&amp;season=summer&amp;resolution=6.16&amp;E=2630111&amp;N=1115053&amp;layers=Wanderland&amp;trackId=179338829\" target=\"_blank\" rel=\"noreferrer noopener\">SchweizMobil<\/a><br>Beschrieb:&nbsp;<a href=\"https:\/\/schweizmobil.cap02.pxlpartner.ch\/de\/wanderland\/routen\/route-06.html\" target=\"_blank\" rel=\"noreferrer noopener\">Alpenp\u00e4sse-Weg (Nr. 6)<\/a>, Etappen 19-20;&nbsp;<br><a href=\"https:\/\/schweizmobil.cap02.pxlpartner.ch\/de\/wanderland\/routen\/route-027.html\" target=\"_blank\" rel=\"noreferrer noopener\">Swiss Tour Monte Rosa (Nr. 27)<\/a>, Etappe 1<br><\/li>\n\n\n\n<li><strong>Etappe 09 \/ Gr\u00e4chen &#8211; Zermatt (Sidetrail)<br><\/strong>Distanz: 35.2km<br>H\u00f6henmeter: 2&#8217;715m hoch\/ 2&#8217;730m runter<br>Marschzeit: 13h45<br>GPS-Route:&nbsp;<a href=\"https:\/\/map.schweizmobil.ch\/?lang=de&amp;photos=yes&amp;bgLayer=pk&amp;logo=yes&amp;detours=yes&amp;season=summer&amp;resolution=2.95&amp;E=2625610&amp;N=1096864&amp;layers=Wanderland&amp;trackId=37575548\" target=\"_blank\" rel=\"noreferrer noopener\">SchweizMobil<\/a><br>Beschrieb:&nbsp;<a href=\"https:\/\/www.europaweg.ch\/2-tageswanderung-in-den-alpen\/\" target=\"_blank\" rel=\"noreferrer noopener\">Europaweg<\/a>&nbsp;resp.&nbsp;<a href=\"https:\/\/schweizmobil.cap02.pxlpartner.ch\/de\/wanderland\/routen\/route-027.html\" target=\"_blank\" rel=\"noreferrer noopener\">Swiss Tour Monte Rosa (Nr. 27)<\/a>, Etappen 2+3<br><\/li>\n\n\n\n<li><strong>Etappe 10 \/ Gr\u00e4chen &#8211; Grimentz<br><\/strong>Distanz: 43.4km<br>H\u00f6henmeter: 3&#8217;660m hoch\/ 3&#8217;720m runter<br>Marschzeit: 17h45<br>GPS-Route:&nbsp;<a href=\"https:\/\/map.schweizmobil.ch\/?lang=de&amp;photos=yes&amp;bgLayer=pk&amp;logo=yes&amp;detours=yes&amp;season=summer&amp;resolution=4.3&amp;E=2610392&amp;N=1114097&amp;layers=Wanderland&amp;trackId=321447760\" target=\"_blank\" rel=\"noreferrer noopener\">SchweizMobil<\/a><br>Beschrieb:&nbsp;<a href=\"https:\/\/schweizmobil.cap02.pxlpartner.ch\/de\/wanderland\/routen\/route-06.html\" target=\"_blank\" rel=\"noreferrer noopener\">Alpenp\u00e4sse-Weg (Nr. 6)<\/a>, Etappen 21-23<br><\/li>\n\n\n\n<li><strong>Etappe 11 \/ Grimentz &#8211; Evol\u00e8ne<br><\/strong>Distanz: 18.6km<br>H\u00f6henmeter: 1&#8217;335m hoch\/ 1&#8217;530m runter<br>Marschzeit: 7h<br>GPS-Route:&nbsp;<a href=\"https:\/\/map.schweizmobil.ch\/?lang=de&amp;photos=yes&amp;bgLayer=pk&amp;logo=yes&amp;detours=yes&amp;season=summer&amp;resolution=6.29&amp;E=2605816&amp;N=1104777&amp;layers=Wanderland&amp;trackId=1666018030\" target=\"_blank\" rel=\"noreferrer noopener\">SchweizMobil<\/a><br>Beschrieb:&nbsp;<a href=\"https:\/\/schweizmobil.cap02.pxlpartner.ch\/de\/wanderland\/routen\/route-06.html\" target=\"_blank\" rel=\"noreferrer noopener\">Alpenp\u00e4sse-Weg (Nr. 6)<\/a>, Etappen 24-25<br><\/li>\n\n\n\n<li><strong>Etappe 12 \/ Evol\u00e8ne &#8211; Bourg-St-Pierre<br><\/strong>Distanz: 87.4km<br>H\u00f6henmeter: 6&#8217;810m hoch\/ 6&#8217;550m runter<br>Marschzeit: 34h20<br>GPS-Route:&nbsp;<a href=\"https:\/\/map.schweizmobil.ch\/?lang=de&amp;photos=yes&amp;bgLayer=pk&amp;logo=yes&amp;detours=yes&amp;season=summer&amp;resolution=4.02&amp;E=2582733&amp;N=1088828&amp;layers=Wanderland&amp;trackId=1890716480\" target=\"_blank\" rel=\"noreferrer noopener\">SchweizMobil<\/a><br>Beschrieb:&nbsp;<a href=\"https:\/\/schweizmobil.cap02.pxlpartner.ch\/de\/wanderland\/routen\/route-06.html\" target=\"_blank\" rel=\"noreferrer noopener\">Alpenp\u00e4sse-Weg (Nr. 6)<\/a>, Etappen 26-32<br><\/li>\n\n\n\n<li><strong>Etappe 13 \/ Bourg-St-Pierre &#8211; Le Ch\u00e2telard<br><\/strong>Distanz: 69km<br>H\u00f6henmeter: 4&#8217;030m hoch\/ 4&#8217;530m runter<br>Marschzeit: 23h45<br>GPS-Route:&nbsp;<a href=\"https:\/\/map.schweizmobil.ch\/?lang=de&amp;photos=yes&amp;bgLayer=pk&amp;logo=yes&amp;detours=yes&amp;season=summer&amp;resolution=5.11&amp;E=2560721&amp;N=1101831&amp;layers=Wanderland&amp;trackId=976627328\" target=\"_blank\" rel=\"noreferrer noopener\">SchweizMobil<\/a><br>Beschrieb:&nbsp;<a href=\"https:\/\/schweizmobil.cap02.pxlpartner.ch\/de\/wanderland\/routen\/route-06.html\" target=\"_blank\" rel=\"noreferrer noopener\">Alpenp\u00e4sse-Weg (Nr. 6)<\/a>, Etappen 33-36<br><\/li>\n\n\n\n<li><strong>Etappe 14 \/ Le Ch\u00e2telard &#8211; Morgins<br><\/strong>Distanz: 52.9km<br>H\u00f6henmeter: 3&#8217;950m hoch\/ 3&#8217;765m runter<br>Marschzeit: 20h20<br>GPS-Route:&nbsp;<a href=\"https:\/\/map.schweizmobil.ch\/?lang=de&amp;photos=yes&amp;bgLayer=pk&amp;logo=yes&amp;detours=yes&amp;season=summer&amp;resolution=6.55&amp;E=2554515&amp;N=1120734&amp;layers=Wanderland&amp;trackId=1988726874\" target=\"_blank\" rel=\"noreferrer noopener\">SchweizMobil<\/a><br>Beschrieb:&nbsp;<a href=\"https:\/\/schweizmobil.cap02.pxlpartner.ch\/de\/wanderland\/routen\/route-06.html\" target=\"_blank\" rel=\"noreferrer noopener\">Alpenp\u00e4sse-Weg (Nr. 6)<\/a>, Etappen 37-40<br><\/li>\n\n\n\n<li><strong>Etappe 15 \/ Morgins &#8211; St-Gingolph<br><\/strong>Distanz: 43.2km<br>H\u00f6henmeter: 2&#8217;675m hoch\/ 3&#8217;615m runter<br>Marschzeit: 15h40<br>GPS-Route:&nbsp;<a href=\"https:\/\/map.schweizmobil.ch\/?lang=de&amp;photos=yes&amp;bgLayer=pk&amp;logo=yes&amp;detours=yes&amp;season=summer&amp;resolution=23.38&amp;E=2551986&amp;N=1132487&amp;layers=Wanderland&amp;trackId=2054922640\" target=\"_blank\" rel=\"noreferrer noopener\">SchweizMobil<\/a><br>Beschrieb:&nbsp;<a href=\"https:\/\/schweizmobil.cap02.pxlpartner.ch\/de\/wanderland\/routen\/route-06.html\" target=\"_blank\" rel=\"noreferrer noopener\">Alpenp\u00e4sse-Weg (Nr. 6)<\/a>, Etappen 41-43<\/li>\n<\/ol>\n\n\n\n<p>Den Verlauf der geplanten Strecke entnehmt ihr nachfolgender Kartendarstellung (schwarzer Strich). Sobald ich gestartet bin, k\u00f6nnt ihr auf der Karte zudem meinem Fortschritt folgen (roter Strich, sofern ich denn mittels InReach mini Trackingdaten aufgezeichnet habe).<\/p>\n\n\n\n<iframe src=\"https:\/\/new.spotwalla.com\/trip\/a8b0-1b3f5aea-04a7\/view?homeActive=0&amp;showAll=1\" style=\"width:100%; height:600px !important;\" frameborder=\"0\">\n<\/iframe>\n\n\n\n<h2 class=\"wp-block-heading\">Gelaufene Strecke<\/h2>\n\n\n\n<p>Zu s\u00e4mtlichen gelaufenen Etappen habe ich t\u00e4glich einen kurzen Erfahrungsbericht gemacht, nachfolgend die \u00dcbersicht mit den Links:<\/p>\n\n\n\n<ul class=\"wp-block-list\">\n<li>Jungeralp &#8211; Meidsee (<a href=\"https:\/\/www.intellectualsovereignty.ch\/index.php\/2023\/07\/24\/hike82-jungeralp-meidsee-gruben\/\">Hike#82<\/a>), 18km<\/li>\n\n\n\n<li>Gspon &#8211; Simplonpass (<a href=\"https:\/\/www.intellectualsovereignty.ch\/index.php\/2020\/07\/17\/hike-27-gspon-ochsehorn-simplonpass\/\" data-type=\"post\" data-id=\"721\">Hike#27<\/a>), 24km<\/li>\n\n\n\n<li>Gruben &#8211; Grimentz &#8211; Evol\u00e8ne &#8211; Arolla (<a href=\"https:\/\/www.intellectualsovereignty.ch\/index.php\/2024\/07\/31\/hike91-gruben-grimentz-evolene-arolla\/\" data-type=\"post\" data-id=\"12775\">Hike#91<\/a>), 56km<\/li>\n\n\n\n<li>Le Ch\u00e2telard &#8211; Champ\u00e9ry (<a href=\"https:\/\/www.intellectualsovereignty.ch\/index.php\/2024\/09\/08\/hike93-le-chatelard-champery\/\" data-type=\"post\" data-id=\"12815\">Hike#93<\/a>), 38km<\/li>\n\n\n\n<li>\u2026<\/li>\n<\/ul>\n\n\n\n<hr class=\"wp-block-separator has-css-opacity\"\/>\n\n\n\n<h2 class=\"wp-block-heading\">Erkenntnisse<\/h2>\n\n\n\n<p><em>(wird zu gegebener Zeit erg\u00e4nzt)<\/em><\/p>\n\n\n\n<hr class=\"wp-block-separator has-css-opacity\"\/>\n\n\n\n<h2 class=\"wp-block-heading\">Material<\/h2>\n\n\n\n<p>Meine Materialliste kann <a href=\"https:\/\/lighterpack.com\/r\/9fh40f\" target=\"_blank\" rel=\"noreferrer noopener\">hier<\/a> angeschaut werden, meine Baseweight liegt inklusive Krimskrams bei rund 6.5kg.<\/p>\n\n\n\n<hr class=\"wp-block-separator has-css-opacity\"\/>\n\n\n\n<h2 class=\"wp-block-heading\">Hilfreiche Links<\/h2>\n\n\n\n<p>Hilfreiche Links, die mir bei der Planung im Vorfeld sowie unterwegs geholfen haben:<\/p>\n\n\n\n<ul class=\"wp-block-list\">\n<li>Karte mit Wildruhezonen und Wildtierschutzgebieten auf <a href=\"https:\/\/s.geo.admin.ch\/9d246da6d1\" target=\"_blank\" rel=\"noreferrer noopener\">geo.admin.ch<\/a>, wo campieren nicht erlaubt ist!<\/li>\n\n\n\n<li>Erfahrungsbericht f\u00fcr den Abschnitt im Wallis siehe <a href=\"https:\/\/www.welt-explorer.com\/schweiz\/trekking-alpenpaesse-weg-wallis\/\" target=\"_blank\" rel=\"noreferrer noopener\">hier<\/a><\/li>\n\n\n\n<li>&#8230;<\/li>\n<\/ul>\n\n\n\n<p><\/p>\n","protected":false},"excerpt":{"rendered":"<p>Achtung fertig los! Auch im 2023 w\u00fcrde ich gerne per Pedes ein paar sch\u00f6ne Trailkilometer geniessen, heuer triffts wiederum die Alpen, diesmal s\u00fcdlicher als die Via Alpina. Update 13.08.2023: Aufgrund der Wetterkapriolen der letzten Wochen und der fortgeschrittenen Zeit werde ich den Alpenp\u00e4sse-Weg erst n\u00e4chstes Jahr konsequent angehen k\u00f6nnen. Entsprechend wird aus 2023 nun 2024. [&hellip;]<\/p>\n","protected":false},"author":1,"featured_media":0,"parent":4276,"menu_order":4,"comment_status":"closed","ping_status":"closed","template":"","meta":{"jetpack_post_was_ever_published":false,"footnotes":""},"class_list":["post-11864","page","type-page","status-publish","hentry","missing-thumbnail"],"jetpack_shortlink":"https:\/\/wp.me\/P9IwFN-35m","jetpack_likes_enabled":false,"jetpack_sharing_enabled":true,"_links":{"self":[{"href":"https:\/\/www.intellectualsovereignty.ch\/index.php\/wp-json\/wp\/v2\/pages\/11864","targetHints":{"allow":["GET"]}}],"collection":[{"href":"https:\/\/www.intellectualsovereignty.ch\/index.php\/wp-json\/wp\/v2\/pages"}],"about":[{"href":"https:\/\/www.intellectualsovereignty.ch\/index.php\/wp-json\/wp\/v2\/types\/page"}],"author":[{"embeddable":true,"href":"https:\/\/www.intellectualsovereignty.ch\/index.php\/wp-json\/wp\/v2\/users\/1"}],"replies":[{"embeddable":true,"href":"https:\/\/www.intellectualsovereignty.ch\/index.php\/wp-json\/wp\/v2\/comments?post=11864"}],"version-history":[{"count":16,"href":"https:\/\/www.intellectualsovereignty.ch\/index.php\/wp-json\/wp\/v2\/pages\/11864\/revisions"}],"predecessor-version":[{"id":13769,"href":"https:\/\/www.intellectualsovereignty.ch\/index.php\/wp-json\/wp\/v2\/pages\/11864\/revisions\/13769"}],"up":[{"embeddable":true,"href":"https:\/\/www.intellectualsovereignty.ch\/index.php\/wp-json\/wp\/v2\/pages\/4276"}],"wp:attachment":[{"href":"https:\/\/www.intellectualsovereignty.ch\/index.php\/wp-json\/wp\/v2\/media?parent=11864"}],"curies":[{"name":"wp","href":"https:\/\/api.w.org\/{rel}","templated":true}]}}